{"id":7464,"date":"2023-11-09T18:14:07","date_gmt":"2023-11-09T18:14:07","guid":{"rendered":"https:\/\/import-diesel.com\/product\/jcd-actuators-pump-test-bench\/"},"modified":"2023-11-26T20:35:38","modified_gmt":"2023-11-26T20:35:38","slug":"banco-de-prueba-autonomo-jcd","status":"publish","type":"product","link":"https:\/\/import-diesel.com\/es\/producto\/banco-de-prueba-autonomo-jcd\/","title":{"rendered":"Banco de prueba aut\u00f3nomo JCD"},"content":{"rendered":"","protected":false},"excerpt":{"rendered":"<p><span style=\"font-weight: 400;\">Banco de prueba aut\u00f3nomo, todo en uno, incorpora la unidad hidr\u00e1ulica JCD y la unidad pulsadora en un solo equipo. Permite al t\u00e9cnico laboratorista hacer la comprobaci\u00f3n de los actuadores del sistema HPI y garantizar su reparaci\u00f3n, adem\u00e1s, consta de probetas graduadas con el fin de verificar que la medida de entrega arrojada por el software sea la correcta, dicho software est\u00e1 integrado en una pantalla touch para su f\u00e1cil operaci\u00f3n. Su unidad de hidr\u00e1ulica se encarga de elevar la presi\u00f3n de combustible a los rangos ideales de prueba (240 \u2013 260 PSI) que adicionalmente posee un sistema de refrigeraci\u00f3n y calentamiento de combustible, todo con sus respectivas protecciones y tarjetas electr\u00f3nicas incorporadas en su tablero de control.<\/span><\/p>\n","protected":false},"featured_media":7138,"template":"","meta":{"inline_featured_image":false,"_joinchat":[]},"product_brand":[],"product_cat":[116],"product_tag":[],"class_list":{"0":"post-7464","1":"product","2":"type-product","3":"status-publish","4":"has-post-thumbnail","6":"product_cat-testers-electronicos","9":"instock","10":"shipping-taxable","11":"product-type-simple"},"yoast_head":"<!-- This site is optimized with the Yoast SEO plugin v26.9 - https:\/\/yoast.com\/product\/yoast-seo-wordpress\/ -->\n<title>Banco de prueba aut\u00f3nomo JCD - Import Diesel<\/title>\n<meta name=\"robots\" content=\"index, follow, max-snippet:-1, max-image-preview:large, max-video-preview:-1\" \/>\n<link rel=\"canonical\" href=\"https:\/\/import-diesel.com\/es\/producto\/banco-de-prueba-autonomo-jcd\/\" \/>\n<meta property=\"og:locale\" content=\"es_ES\" \/>\n<meta property=\"og:type\" content=\"article\" \/>\n<meta property=\"og:title\" content=\"Banco de prueba aut\u00f3nomo JCD - Import Diesel\" \/>\n<meta property=\"og:description\" content=\"Banco de prueba aut\u00f3nomo, todo en uno, incorpora la unidad hidr\u00e1ulica JCD y la unidad pulsadora en un solo equipo. Permite al t\u00e9cnico laboratorista hacer la comprobaci\u00f3n de los actuadores del sistema HPI y garantizar su reparaci\u00f3n, adem\u00e1s, consta de probetas graduadas con el fin de verificar que la medida de entrega arrojada por el software sea la correcta, dicho software est\u00e1 integrado en una pantalla touch para su f\u00e1cil operaci\u00f3n. Su unidad de hidr\u00e1ulica se encarga de elevar la presi\u00f3n de combustible a los rangos ideales de prueba (240 \u2013 260 PSI) que adicionalmente posee un sistema de refrigeraci\u00f3n y calentamiento de combustible, todo con sus respectivas protecciones y tarjetas electr\u00f3nicas incorporadas en su tablero de control.\" \/>\n<meta property=\"og:url\" content=\"https:\/\/import-diesel.com\/es\/producto\/banco-de-prueba-autonomo-jcd\/\" \/>\n<meta property=\"og:site_name\" content=\"Import Diesel\" \/>\n<meta property=\"article:modified_time\" content=\"2023-11-26T20:35:38+00:00\" \/>\n<meta property=\"og:image\" content=\"https:\/\/import-diesel.com\/wp-content\/uploads\/2023\/11\/JCD-ACTUATORS-PUMP-TEST-BENCH.png\" \/>\n\t<meta property=\"og:image:width\" content=\"1000\" \/>\n\t<meta property=\"og:image:height\" content=\"1000\" \/>\n\t<meta property=\"og:image:type\" content=\"image\/png\" \/>\n<meta name=\"twitter:card\" content=\"summary_large_image\" \/>\n<script type=\"application\/ld+json\" class=\"yoast-schema-graph\">{\"@context\":\"https:\/\/schema.org\",\"@graph\":[{\"@type\":\"WebPage\",\"@id\":\"https:\/\/import-diesel.com\/es\/producto\/banco-de-prueba-autonomo-jcd\/\",\"url\":\"https:\/\/import-diesel.com\/es\/producto\/banco-de-prueba-autonomo-jcd\/\",\"name\":\"Banco de prueba aut\u00f3nomo JCD - Import Diesel\",\"isPartOf\":{\"@id\":\"https:\/\/import-diesel.com\/#website\"},\"primaryImageOfPage\":{\"@id\":\"https:\/\/import-diesel.com\/es\/producto\/banco-de-prueba-autonomo-jcd\/#primaryimage\"},\"image\":{\"@id\":\"https:\/\/import-diesel.com\/es\/producto\/banco-de-prueba-autonomo-jcd\/#primaryimage\"},\"thumbnailUrl\":\"https:\/\/import-diesel.com\/wp-content\/uploads\/2023\/11\/JCD-ACTUATORS-PUMP-TEST-BENCH.png\",\"datePublished\":\"2023-11-09T18:14:07+00:00\",\"dateModified\":\"2023-11-26T20:35:38+00:00\",\"breadcrumb\":{\"@id\":\"https:\/\/import-diesel.com\/es\/producto\/banco-de-prueba-autonomo-jcd\/#breadcrumb\"},\"inLanguage\":\"es\",\"potentialAction\":[{\"@type\":\"ReadAction\",\"target\":[\"https:\/\/import-diesel.com\/es\/producto\/banco-de-prueba-autonomo-jcd\/\"]}]},{\"@type\":\"ImageObject\",\"inLanguage\":\"es\",\"@id\":\"https:\/\/import-diesel.com\/es\/producto\/banco-de-prueba-autonomo-jcd\/#primaryimage\",\"url\":\"https:\/\/import-diesel.com\/wp-content\/uploads\/2023\/11\/JCD-ACTUATORS-PUMP-TEST-BENCH.png\",\"contentUrl\":\"https:\/\/import-diesel.com\/wp-content\/uploads\/2023\/11\/JCD-ACTUATORS-PUMP-TEST-BENCH.png\",\"width\":1000,\"height\":1000},{\"@type\":\"BreadcrumbList\",\"@id\":\"https:\/\/import-diesel.com\/es\/producto\/banco-de-prueba-autonomo-jcd\/#breadcrumb\",\"itemListElement\":[{\"@type\":\"ListItem\",\"position\":1,\"name\":\"Home\",\"item\":\"https:\/\/import-diesel.com\/\"},{\"@type\":\"ListItem\",\"position\":2,\"name\":\"Tienda\",\"item\":\"https:\/\/import-diesel.com\/es\/tienda\/\"},{\"@type\":\"ListItem\",\"position\":3,\"name\":\"Banco de prueba aut\u00f3nomo JCD\"}]},{\"@type\":\"WebSite\",\"@id\":\"https:\/\/import-diesel.com\/#website\",\"url\":\"https:\/\/import-diesel.com\/\",\"name\":\"Import Diesel\",\"description\":\"\",\"potentialAction\":[{\"@type\":\"SearchAction\",\"target\":{\"@type\":\"EntryPoint\",\"urlTemplate\":\"https:\/\/import-diesel.com\/?s={search_term_string}\"},\"query-input\":{\"@type\":\"PropertyValueSpecification\",\"valueRequired\":true,\"valueName\":\"search_term_string\"}}],\"inLanguage\":\"es\"}]}<\/script>\n<!-- \/ Yoast SEO plugin. -->","yoast_head_json":{"title":"Banco de prueba aut\u00f3nomo JCD - Import Diesel","robots":{"index":"index","follow":"follow","max-snippet":"max-snippet:-1","max-image-preview":"max-image-preview:large","max-video-preview":"max-video-preview:-1"},"canonical":"https:\/\/import-diesel.com\/es\/producto\/banco-de-prueba-autonomo-jcd\/","og_locale":"es_ES","og_type":"article","og_title":"Banco de prueba aut\u00f3nomo JCD - Import Diesel","og_description":"Banco de prueba aut\u00f3nomo, todo en uno, incorpora la unidad hidr\u00e1ulica JCD y la unidad pulsadora en un solo equipo. Permite al t\u00e9cnico laboratorista hacer la comprobaci\u00f3n de los actuadores del sistema HPI y garantizar su reparaci\u00f3n, adem\u00e1s, consta de probetas graduadas con el fin de verificar que la medida de entrega arrojada por el software sea la correcta, dicho software est\u00e1 integrado en una pantalla touch para su f\u00e1cil operaci\u00f3n. Su unidad de hidr\u00e1ulica se encarga de elevar la presi\u00f3n de combustible a los rangos ideales de prueba (240 \u2013 260 PSI) que adicionalmente posee un sistema de refrigeraci\u00f3n y calentamiento de combustible, todo con sus respectivas protecciones y tarjetas electr\u00f3nicas incorporadas en su tablero de control.","og_url":"https:\/\/import-diesel.com\/es\/producto\/banco-de-prueba-autonomo-jcd\/","og_site_name":"Import Diesel","article_modified_time":"2023-11-26T20:35:38+00:00","og_image":[{"width":1000,"height":1000,"url":"https:\/\/import-diesel.com\/wp-content\/uploads\/2023\/11\/JCD-ACTUATORS-PUMP-TEST-BENCH.png","type":"image\/png"}],"twitter_card":"summary_large_image","schema":{"@context":"https:\/\/schema.org","@graph":[{"@type":"WebPage","@id":"https:\/\/import-diesel.com\/es\/producto\/banco-de-prueba-autonomo-jcd\/","url":"https:\/\/import-diesel.com\/es\/producto\/banco-de-prueba-autonomo-jcd\/","name":"Banco de prueba aut\u00f3nomo JCD - Import Diesel","isPartOf":{"@id":"https:\/\/import-diesel.com\/#website"},"primaryImageOfPage":{"@id":"https:\/\/import-diesel.com\/es\/producto\/banco-de-prueba-autonomo-jcd\/#primaryimage"},"image":{"@id":"https:\/\/import-diesel.com\/es\/producto\/banco-de-prueba-autonomo-jcd\/#primaryimage"},"thumbnailUrl":"https:\/\/import-diesel.com\/wp-content\/uploads\/2023\/11\/JCD-ACTUATORS-PUMP-TEST-BENCH.png","datePublished":"2023-11-09T18:14:07+00:00","dateModified":"2023-11-26T20:35:38+00:00","breadcrumb":{"@id":"https:\/\/import-diesel.com\/es\/producto\/banco-de-prueba-autonomo-jcd\/#breadcrumb"},"inLanguage":"es","potentialAction":[{"@type":"ReadAction","target":["https:\/\/import-diesel.com\/es\/producto\/banco-de-prueba-autonomo-jcd\/"]}]},{"@type":"ImageObject","inLanguage":"es","@id":"https:\/\/import-diesel.com\/es\/producto\/banco-de-prueba-autonomo-jcd\/#primaryimage","url":"https:\/\/import-diesel.com\/wp-content\/uploads\/2023\/11\/JCD-ACTUATORS-PUMP-TEST-BENCH.png","contentUrl":"https:\/\/import-diesel.com\/wp-content\/uploads\/2023\/11\/JCD-ACTUATORS-PUMP-TEST-BENCH.png","width":1000,"height":1000},{"@type":"BreadcrumbList","@id":"https:\/\/import-diesel.com\/es\/producto\/banco-de-prueba-autonomo-jcd\/#breadcrumb","itemListElement":[{"@type":"ListItem","position":1,"name":"Home","item":"https:\/\/import-diesel.com\/"},{"@type":"ListItem","position":2,"name":"Tienda","item":"https:\/\/import-diesel.com\/es\/tienda\/"},{"@type":"ListItem","position":3,"name":"Banco de prueba aut\u00f3nomo JCD"}]},{"@type":"WebSite","@id":"https:\/\/import-diesel.com\/#website","url":"https:\/\/import-diesel.com\/","name":"Import Diesel","description":"","potentialAction":[{"@type":"SearchAction","target":{"@type":"EntryPoint","urlTemplate":"https:\/\/import-diesel.com\/?s={search_term_string}"},"query-input":{"@type":"PropertyValueSpecification","valueRequired":true,"valueName":"search_term_string"}}],"inLanguage":"es"}]}},"_links":{"self":[{"href":"https:\/\/import-diesel.com\/es\/wp-json\/wp\/v2\/product\/7464","targetHints":{"allow":["GET"]}}],"collection":[{"href":"https:\/\/import-diesel.com\/es\/wp-json\/wp\/v2\/product"}],"about":[{"href":"https:\/\/import-diesel.com\/es\/wp-json\/wp\/v2\/types\/product"}],"version-history":[{"count":1,"href":"https:\/\/import-diesel.com\/es\/wp-json\/wp\/v2\/product\/7464\/revisions"}],"predecessor-version":[{"id":7465,"href":"https:\/\/import-diesel.com\/es\/wp-json\/wp\/v2\/product\/7464\/revisions\/7465"}],"wp:featuredmedia":[{"embeddable":true,"href":"https:\/\/import-diesel.com\/es\/wp-json\/wp\/v2\/media\/7138"}],"wp:attachment":[{"href":"https:\/\/import-diesel.com\/es\/wp-json\/wp\/v2\/media?parent=7464"}],"wp:term":[{"taxonomy":"product_brand","embeddable":true,"href":"https:\/\/import-diesel.com\/es\/wp-json\/wp\/v2\/product_brand?post=7464"},{"taxonomy":"product_cat","embeddable":true,"href":"https:\/\/import-diesel.com\/es\/wp-json\/wp\/v2\/product_cat?post=7464"},{"taxonomy":"product_tag","embeddable":true,"href":"https:\/\/import-diesel.com\/es\/wp-json\/wp\/v2\/product_tag?post=7464"}],"curies":[{"name":"wp","href":"https:\/\/api.w.org\/{rel}","templated":true}]}}