{"id":7421,"date":"2023-11-09T18:28:56","date_gmt":"2023-11-09T18:28:56","guid":{"rendered":"https:\/\/import-diesel.com\/product\/jcd-hpi-tester\/"},"modified":"2023-11-26T20:17:23","modified_gmt":"2023-11-26T20:17:23","slug":"unidad-pulsadora-jcd","status":"publish","type":"product","link":"https:\/\/import-diesel.com\/es\/producto\/unidad-pulsadora-jcd\/","title":{"rendered":"Unidad pulsadora JCD"},"content":{"rendered":"","protected":false},"excerpt":{"rendered":"<p><span style=\"font-weight: 400;\">Unidad pulsadora JCD es equipo dise\u00f1ado para comprobaci\u00f3n el\u00e9ctrica y mec\u00e1nica de los actuadores de dosificaci\u00f3n y sincronizaci\u00f3n pertenecientes al sistema HPI (High Pressure Injection) incorporados en motores Cummins ISX y Scania. Consta de una unidad de control encargada generar los pulsos de activaci\u00f3n, de una \u201cflowbox\u201d o unidad de flujo encargada de medir la entrega de combustible de cada actuador y el software que permite controlar el equipo.<\/span><\/p>\n","protected":false},"featured_media":7140,"template":"","meta":{"inline_featured_image":false,"_joinchat":[]},"product_brand":[],"product_cat":[116],"product_tag":[],"class_list":{"0":"post-7421","1":"product","2":"type-product","3":"status-publish","4":"has-post-thumbnail","6":"product_cat-testers-electronicos","9":"instock","10":"shipping-taxable","11":"product-type-simple"},"yoast_head":"<!-- This site is optimized with the Yoast SEO plugin v26.9 - https:\/\/yoast.com\/product\/yoast-seo-wordpress\/ -->\n<title>Unidad pulsadora JCD - Import Diesel<\/title>\n<meta name=\"robots\" content=\"index, follow, max-snippet:-1, max-image-preview:large, max-video-preview:-1\" \/>\n<link rel=\"canonical\" href=\"https:\/\/import-diesel.com\/es\/producto\/unidad-pulsadora-jcd\/\" \/>\n<meta property=\"og:locale\" content=\"es_ES\" \/>\n<meta property=\"og:type\" content=\"article\" \/>\n<meta property=\"og:title\" content=\"Unidad pulsadora JCD - Import Diesel\" \/>\n<meta property=\"og:description\" content=\"Unidad pulsadora JCD es equipo dise\u00f1ado para comprobaci\u00f3n el\u00e9ctrica y mec\u00e1nica de los actuadores de dosificaci\u00f3n y sincronizaci\u00f3n pertenecientes al sistema HPI (High Pressure Injection) incorporados en motores Cummins ISX y Scania. Consta de una unidad de control encargada generar los pulsos de activaci\u00f3n, de una \u201cflowbox\u201d o unidad de flujo encargada de medir la entrega de combustible de cada actuador y el software que permite controlar el equipo.\" \/>\n<meta property=\"og:url\" content=\"https:\/\/import-diesel.com\/es\/producto\/unidad-pulsadora-jcd\/\" \/>\n<meta property=\"og:site_name\" content=\"Import Diesel\" \/>\n<meta property=\"article:modified_time\" content=\"2023-11-26T20:17:23+00:00\" \/>\n<meta property=\"og:image\" content=\"https:\/\/import-diesel.com\/wp-content\/uploads\/2023\/11\/JCD-HPI-TESTER.png\" \/>\n\t<meta property=\"og:image:width\" content=\"1000\" \/>\n\t<meta property=\"og:image:height\" content=\"1000\" \/>\n\t<meta property=\"og:image:type\" content=\"image\/png\" \/>\n<meta name=\"twitter:card\" content=\"summary_large_image\" \/>\n<script type=\"application\/ld+json\" class=\"yoast-schema-graph\">{\"@context\":\"https:\/\/schema.org\",\"@graph\":[{\"@type\":\"WebPage\",\"@id\":\"https:\/\/import-diesel.com\/es\/producto\/unidad-pulsadora-jcd\/\",\"url\":\"https:\/\/import-diesel.com\/es\/producto\/unidad-pulsadora-jcd\/\",\"name\":\"Unidad pulsadora JCD - Import Diesel\",\"isPartOf\":{\"@id\":\"https:\/\/import-diesel.com\/#website\"},\"primaryImageOfPage\":{\"@id\":\"https:\/\/import-diesel.com\/es\/producto\/unidad-pulsadora-jcd\/#primaryimage\"},\"image\":{\"@id\":\"https:\/\/import-diesel.com\/es\/producto\/unidad-pulsadora-jcd\/#primaryimage\"},\"thumbnailUrl\":\"https:\/\/import-diesel.com\/wp-content\/uploads\/2023\/11\/JCD-HPI-TESTER.png\",\"datePublished\":\"2023-11-09T18:28:56+00:00\",\"dateModified\":\"2023-11-26T20:17:23+00:00\",\"breadcrumb\":{\"@id\":\"https:\/\/import-diesel.com\/es\/producto\/unidad-pulsadora-jcd\/#breadcrumb\"},\"inLanguage\":\"es\",\"potentialAction\":[{\"@type\":\"ReadAction\",\"target\":[\"https:\/\/import-diesel.com\/es\/producto\/unidad-pulsadora-jcd\/\"]}]},{\"@type\":\"ImageObject\",\"inLanguage\":\"es\",\"@id\":\"https:\/\/import-diesel.com\/es\/producto\/unidad-pulsadora-jcd\/#primaryimage\",\"url\":\"https:\/\/import-diesel.com\/wp-content\/uploads\/2023\/11\/JCD-HPI-TESTER.png\",\"contentUrl\":\"https:\/\/import-diesel.com\/wp-content\/uploads\/2023\/11\/JCD-HPI-TESTER.png\",\"width\":1000,\"height\":1000},{\"@type\":\"BreadcrumbList\",\"@id\":\"https:\/\/import-diesel.com\/es\/producto\/unidad-pulsadora-jcd\/#breadcrumb\",\"itemListElement\":[{\"@type\":\"ListItem\",\"position\":1,\"name\":\"Home\",\"item\":\"https:\/\/import-diesel.com\/\"},{\"@type\":\"ListItem\",\"position\":2,\"name\":\"Tienda\",\"item\":\"https:\/\/import-diesel.com\/es\/tienda\/\"},{\"@type\":\"ListItem\",\"position\":3,\"name\":\"Unidad pulsadora JCD\"}]},{\"@type\":\"WebSite\",\"@id\":\"https:\/\/import-diesel.com\/#website\",\"url\":\"https:\/\/import-diesel.com\/\",\"name\":\"Import Diesel\",\"description\":\"\",\"potentialAction\":[{\"@type\":\"SearchAction\",\"target\":{\"@type\":\"EntryPoint\",\"urlTemplate\":\"https:\/\/import-diesel.com\/?s={search_term_string}\"},\"query-input\":{\"@type\":\"PropertyValueSpecification\",\"valueRequired\":true,\"valueName\":\"search_term_string\"}}],\"inLanguage\":\"es\"}]}<\/script>\n<!-- \/ Yoast SEO plugin. -->","yoast_head_json":{"title":"Unidad pulsadora JCD - Import Diesel","robots":{"index":"index","follow":"follow","max-snippet":"max-snippet:-1","max-image-preview":"max-image-preview:large","max-video-preview":"max-video-preview:-1"},"canonical":"https:\/\/import-diesel.com\/es\/producto\/unidad-pulsadora-jcd\/","og_locale":"es_ES","og_type":"article","og_title":"Unidad pulsadora JCD - Import Diesel","og_description":"Unidad pulsadora JCD es equipo dise\u00f1ado para comprobaci\u00f3n el\u00e9ctrica y mec\u00e1nica de los actuadores de dosificaci\u00f3n y sincronizaci\u00f3n pertenecientes al sistema HPI (High Pressure Injection) incorporados en motores Cummins ISX y Scania. Consta de una unidad de control encargada generar los pulsos de activaci\u00f3n, de una \u201cflowbox\u201d o unidad de flujo encargada de medir la entrega de combustible de cada actuador y el software que permite controlar el equipo.","og_url":"https:\/\/import-diesel.com\/es\/producto\/unidad-pulsadora-jcd\/","og_site_name":"Import Diesel","article_modified_time":"2023-11-26T20:17:23+00:00","og_image":[{"width":1000,"height":1000,"url":"https:\/\/import-diesel.com\/wp-content\/uploads\/2023\/11\/JCD-HPI-TESTER.png","type":"image\/png"}],"twitter_card":"summary_large_image","schema":{"@context":"https:\/\/schema.org","@graph":[{"@type":"WebPage","@id":"https:\/\/import-diesel.com\/es\/producto\/unidad-pulsadora-jcd\/","url":"https:\/\/import-diesel.com\/es\/producto\/unidad-pulsadora-jcd\/","name":"Unidad pulsadora JCD - Import Diesel","isPartOf":{"@id":"https:\/\/import-diesel.com\/#website"},"primaryImageOfPage":{"@id":"https:\/\/import-diesel.com\/es\/producto\/unidad-pulsadora-jcd\/#primaryimage"},"image":{"@id":"https:\/\/import-diesel.com\/es\/producto\/unidad-pulsadora-jcd\/#primaryimage"},"thumbnailUrl":"https:\/\/import-diesel.com\/wp-content\/uploads\/2023\/11\/JCD-HPI-TESTER.png","datePublished":"2023-11-09T18:28:56+00:00","dateModified":"2023-11-26T20:17:23+00:00","breadcrumb":{"@id":"https:\/\/import-diesel.com\/es\/producto\/unidad-pulsadora-jcd\/#breadcrumb"},"inLanguage":"es","potentialAction":[{"@type":"ReadAction","target":["https:\/\/import-diesel.com\/es\/producto\/unidad-pulsadora-jcd\/"]}]},{"@type":"ImageObject","inLanguage":"es","@id":"https:\/\/import-diesel.com\/es\/producto\/unidad-pulsadora-jcd\/#primaryimage","url":"https:\/\/import-diesel.com\/wp-content\/uploads\/2023\/11\/JCD-HPI-TESTER.png","contentUrl":"https:\/\/import-diesel.com\/wp-content\/uploads\/2023\/11\/JCD-HPI-TESTER.png","width":1000,"height":1000},{"@type":"BreadcrumbList","@id":"https:\/\/import-diesel.com\/es\/producto\/unidad-pulsadora-jcd\/#breadcrumb","itemListElement":[{"@type":"ListItem","position":1,"name":"Home","item":"https:\/\/import-diesel.com\/"},{"@type":"ListItem","position":2,"name":"Tienda","item":"https:\/\/import-diesel.com\/es\/tienda\/"},{"@type":"ListItem","position":3,"name":"Unidad pulsadora JCD"}]},{"@type":"WebSite","@id":"https:\/\/import-diesel.com\/#website","url":"https:\/\/import-diesel.com\/","name":"Import Diesel","description":"","potentialAction":[{"@type":"SearchAction","target":{"@type":"EntryPoint","urlTemplate":"https:\/\/import-diesel.com\/?s={search_term_string}"},"query-input":{"@type":"PropertyValueSpecification","valueRequired":true,"valueName":"search_term_string"}}],"inLanguage":"es"}]}},"_links":{"self":[{"href":"https:\/\/import-diesel.com\/es\/wp-json\/wp\/v2\/product\/7421","targetHints":{"allow":["GET"]}}],"collection":[{"href":"https:\/\/import-diesel.com\/es\/wp-json\/wp\/v2\/product"}],"about":[{"href":"https:\/\/import-diesel.com\/es\/wp-json\/wp\/v2\/types\/product"}],"version-history":[{"count":3,"href":"https:\/\/import-diesel.com\/es\/wp-json\/wp\/v2\/product\/7421\/revisions"}],"predecessor-version":[{"id":7430,"href":"https:\/\/import-diesel.com\/es\/wp-json\/wp\/v2\/product\/7421\/revisions\/7430"}],"wp:featuredmedia":[{"embeddable":true,"href":"https:\/\/import-diesel.com\/es\/wp-json\/wp\/v2\/media\/7140"}],"wp:attachment":[{"href":"https:\/\/import-diesel.com\/es\/wp-json\/wp\/v2\/media?parent=7421"}],"wp:term":[{"taxonomy":"product_brand","embeddable":true,"href":"https:\/\/import-diesel.com\/es\/wp-json\/wp\/v2\/product_brand?post=7421"},{"taxonomy":"product_cat","embeddable":true,"href":"https:\/\/import-diesel.com\/es\/wp-json\/wp\/v2\/product_cat?post=7421"},{"taxonomy":"product_tag","embeddable":true,"href":"https:\/\/import-diesel.com\/es\/wp-json\/wp\/v2\/product_tag?post=7421"}],"curies":[{"name":"wp","href":"https:\/\/api.w.org\/{rel}","templated":true}]}}