{"id":7408,"date":"2023-10-24T22:22:40","date_gmt":"2023-10-24T22:22:40","guid":{"rendered":"https:\/\/import-diesel.com\/request-quote\/"},"modified":"2023-11-26T18:12:00","modified_gmt":"2023-11-26T18:12:00","slug":"solicitud-de-cotizacion","status":"publish","type":"page","link":"https:\/\/import-diesel.com\/es\/solicitud-de-cotizacion\/","title":{"rendered":"Solicitud de cotizaci\u00f3n"},"content":{"rendered":"\n<div class=\"woocommerce ywraq-wrapper ywraq-empty\">\n\t\t\t<div id=\"yith-ywraq-message\"><div class=\"ywraq-question-message\">\n\t<\/div>\n<\/div>\n\t\t\n\t\t\t\t<div class=\"ywraq-form-table-wrapper wide\">\n\t\t\t<div class=\"ywraq-before-form\">\n\t<p class=\"ywraq_list_empty_message\">Tu lista est\u00e1 vac\u00eda, a\u00f1ade productos a la lista para enviar una solicitud<p><p class=\"return-to-shop\"><a class=\"button wc-backward\" href=\"https:\/\/import-diesel.com\/es\/tienda\/\">Volver a la tienda<\/a><\/p><\/div>\n\t\t\t\t\t<\/div>\n\t<\/div>\n\n","protected":false},"excerpt":{"rendered":"","protected":false},"author":1,"featured_media":0,"parent":0,"menu_order":0,"comment_status":"closed","ping_status":"closed","template":"","meta":{"inline_featured_image":false,"_joinchat":[],"footnotes":""},"class_list":["post-7408","page","type-page","status-publish","hentry"],"yoast_head":"<!-- This site is optimized with the Yoast SEO plugin v26.9 - https:\/\/yoast.com\/product\/yoast-seo-wordpress\/ -->\n<title>Solicitud de cotizaci\u00f3n - Import Diesel<\/title>\n<meta name=\"robots\" content=\"index, follow, max-snippet:-1, max-image-preview:large, max-video-preview:-1\" \/>\n<link rel=\"canonical\" href=\"https:\/\/import-diesel.com\/es\/solicitud-de-cotizacion\/\" \/>\n<meta property=\"og:locale\" content=\"es_ES\" \/>\n<meta property=\"og:type\" content=\"article\" \/>\n<meta property=\"og:title\" content=\"Solicitud de cotizaci\u00f3n - Import Diesel\" \/>\n<meta property=\"og:url\" content=\"https:\/\/import-diesel.com\/es\/solicitud-de-cotizacion\/\" \/>\n<meta property=\"og:site_name\" content=\"Import Diesel\" \/>\n<meta property=\"article:modified_time\" content=\"2023-11-26T18:12:00+00:00\" \/>\n<meta name=\"twitter:card\" content=\"summary_large_image\" \/>\n<meta name=\"twitter:label1\" content=\"Est. reading time\" \/>\n\t<meta name=\"twitter:data1\" content=\"1 minuto\" \/>\n<script type=\"application\/ld+json\" class=\"yoast-schema-graph\">{\"@context\":\"https:\/\/schema.org\",\"@graph\":[{\"@type\":\"WebPage\",\"@id\":\"https:\/\/import-diesel.com\/es\/solicitud-de-cotizacion\/\",\"url\":\"https:\/\/import-diesel.com\/es\/solicitud-de-cotizacion\/\",\"name\":\"Solicitud de cotizaci\u00f3n - Import Diesel\",\"isPartOf\":{\"@id\":\"https:\/\/import-diesel.com\/#website\"},\"datePublished\":\"2023-10-24T22:22:40+00:00\",\"dateModified\":\"2023-11-26T18:12:00+00:00\",\"breadcrumb\":{\"@id\":\"https:\/\/import-diesel.com\/es\/solicitud-de-cotizacion\/#breadcrumb\"},\"inLanguage\":\"es\",\"potentialAction\":[{\"@type\":\"ReadAction\",\"target\":[\"https:\/\/import-diesel.com\/es\/solicitud-de-cotizacion\/\"]}]},{\"@type\":\"BreadcrumbList\",\"@id\":\"https:\/\/import-diesel.com\/es\/solicitud-de-cotizacion\/#breadcrumb\",\"itemListElement\":[{\"@type\":\"ListItem\",\"position\":1,\"name\":\"Home\",\"item\":\"https:\/\/import-diesel.com\/\"},{\"@type\":\"ListItem\",\"position\":2,\"name\":\"Solicitud de cotizaci\u00f3n\"}]},{\"@type\":\"WebSite\",\"@id\":\"https:\/\/import-diesel.com\/#website\",\"url\":\"https:\/\/import-diesel.com\/\",\"name\":\"Import Diesel\",\"description\":\"\",\"potentialAction\":[{\"@type\":\"SearchAction\",\"target\":{\"@type\":\"EntryPoint\",\"urlTemplate\":\"https:\/\/import-diesel.com\/?s={search_term_string}\"},\"query-input\":{\"@type\":\"PropertyValueSpecification\",\"valueRequired\":true,\"valueName\":\"search_term_string\"}}],\"inLanguage\":\"es\"}]}<\/script>\n<!-- \/ Yoast SEO plugin. -->","yoast_head_json":{"title":"Solicitud de cotizaci\u00f3n - Import Diesel","robots":{"index":"index","follow":"follow","max-snippet":"max-snippet:-1","max-image-preview":"max-image-preview:large","max-video-preview":"max-video-preview:-1"},"canonical":"https:\/\/import-diesel.com\/es\/solicitud-de-cotizacion\/","og_locale":"es_ES","og_type":"article","og_title":"Solicitud de cotizaci\u00f3n - Import Diesel","og_url":"https:\/\/import-diesel.com\/es\/solicitud-de-cotizacion\/","og_site_name":"Import Diesel","article_modified_time":"2023-11-26T18:12:00+00:00","twitter_card":"summary_large_image","twitter_misc":{"Est. reading time":"1 minuto"},"schema":{"@context":"https:\/\/schema.org","@graph":[{"@type":"WebPage","@id":"https:\/\/import-diesel.com\/es\/solicitud-de-cotizacion\/","url":"https:\/\/import-diesel.com\/es\/solicitud-de-cotizacion\/","name":"Solicitud de cotizaci\u00f3n - Import Diesel","isPartOf":{"@id":"https:\/\/import-diesel.com\/#website"},"datePublished":"2023-10-24T22:22:40+00:00","dateModified":"2023-11-26T18:12:00+00:00","breadcrumb":{"@id":"https:\/\/import-diesel.com\/es\/solicitud-de-cotizacion\/#breadcrumb"},"inLanguage":"es","potentialAction":[{"@type":"ReadAction","target":["https:\/\/import-diesel.com\/es\/solicitud-de-cotizacion\/"]}]},{"@type":"BreadcrumbList","@id":"https:\/\/import-diesel.com\/es\/solicitud-de-cotizacion\/#breadcrumb","itemListElement":[{"@type":"ListItem","position":1,"name":"Home","item":"https:\/\/import-diesel.com\/"},{"@type":"ListItem","position":2,"name":"Solicitud de cotizaci\u00f3n"}]},{"@type":"WebSite","@id":"https:\/\/import-diesel.com\/#website","url":"https:\/\/import-diesel.com\/","name":"Import Diesel","description":"","potentialAction":[{"@type":"SearchAction","target":{"@type":"EntryPoint","urlTemplate":"https:\/\/import-diesel.com\/?s={search_term_string}"},"query-input":{"@type":"PropertyValueSpecification","valueRequired":true,"valueName":"search_term_string"}}],"inLanguage":"es"}]}},"_links":{"self":[{"href":"https:\/\/import-diesel.com\/es\/wp-json\/wp\/v2\/pages\/7408","targetHints":{"allow":["GET"]}}],"collection":[{"href":"https:\/\/import-diesel.com\/es\/wp-json\/wp\/v2\/pages"}],"about":[{"href":"https:\/\/import-diesel.com\/es\/wp-json\/wp\/v2\/types\/page"}],"author":[{"embeddable":true,"href":"https:\/\/import-diesel.com\/es\/wp-json\/wp\/v2\/users\/1"}],"replies":[{"embeddable":true,"href":"https:\/\/import-diesel.com\/es\/wp-json\/wp\/v2\/comments?post=7408"}],"version-history":[{"count":1,"href":"https:\/\/import-diesel.com\/es\/wp-json\/wp\/v2\/pages\/7408\/revisions"}],"predecessor-version":[{"id":7410,"href":"https:\/\/import-diesel.com\/es\/wp-json\/wp\/v2\/pages\/7408\/revisions\/7410"}],"wp:attachment":[{"href":"https:\/\/import-diesel.com\/es\/wp-json\/wp\/v2\/media?parent=7408"}],"curies":[{"name":"wp","href":"https:\/\/api.w.org\/{rel}","templated":true}]}}