{"id":7386,"date":"2023-11-10T17:31:50","date_gmt":"2023-11-10T17:31:50","guid":{"rendered":"https:\/\/import-diesel.com\/blog\/"},"modified":"2023-12-08T00:40:46","modified_gmt":"2023-12-08T00:40:46","slug":"blog","status":"publish","type":"page","link":"https:\/\/import-diesel.com\/es\/blog\/","title":{"rendered":"Blog"},"content":{"rendered":"\t\t<div data-elementor-type=\"wp-page\" data-elementor-id=\"7386\" class=\"elementor elementor-7386 elementor-6434\" data-elementor-post-type=\"page\">\n\t\t\t\t<div class=\"elementor-element elementor-element-5cc2ca2 e-con-full e-flex e-con e-parent\" data-id=\"5cc2ca2\" data-element_type=\"container\">\n\t\t<div class=\"elementor-element elementor-element-fa834f9 e-con-full e-flex e-con e-child\" data-id=\"fa834f9\" data-element_type=\"container\">\n\t\t\t\t<div class=\"elementor-element elementor-element-d52c49a elementor-widget elementor-widget-sidebar\" data-id=\"d52c49a\" data-element_type=\"widget\" data-widget_type=\"sidebar.default\">\n\t\t\t\t<div class=\"elementor-widget-container\">\n\t\t\t\t\t<aside id=\"search-1\" class=\"widget widget_search\"><h2 class=\"widget-title\">Buscar<\/h2><div class=\"search-form\">\r\n\t<form action=\"https:\/\/import-diesel.com\/es\/\" method=\"get\">\r\n\t\t<div class=\"input-group\">\r\n\t\t\t<input type=\"text\" placeholder=\"Search ...\" name=\"s\" class=\"form-control\"\/>\r\n\t\t\t\t<span class=\"input-group-btn\">\r\n\t\t\t\t\t<button type=\"submit\" class=\"btn\">\r\n\t\t\t\t\t\t<i class=\"tb-icon tb-icon-search-normal\"><\/i>\r\n\t\t\t\t\t<\/button>\r\n\t\t\t\t<\/span>\r\n\t\t<\/div>\r\n\t<\/form>\r\n<\/div><\/aside><aside id=\"categories-1\" class=\"widget widget_categories\"><h2 class=\"widget-title\">Categor\u00edas<\/h2>\n\t\t\t<ul>\n\t\t\t\t\t<li class=\"cat-item cat-item-112\"><a href=\"https:\/\/import-diesel.com\/es\/category\/noticias\/\">Noticias<\/a> (4)\n<\/li>\n\t\t\t<\/ul>\n\n\t\t\t<\/aside><aside id=\"fana_recent_post-1\" class=\"widget widget_fana_recent_post\"><h2 class=\"widget-title\">Publicaciones recientes<\/h2>\r\n\t<div class=\"post-widget\">\r\n\t<ul>\r\n\t\t\t<li class=\"post\">\r\n\r\n\t                        <div class=\"entry-thumb\">\r\n                    <a href=\"https:\/\/import-diesel.com\/es\/descubriendo-los-motores-cummins\/\" class=\"entry-image\">\r\n                        <img decoding=\"async\" width=\"100\" height=\"100\" src=\"https:\/\/import-diesel.com\/wp-content\/uploads\/2023\/11\/bloc-4_portada-100x100.png\" class=\"attachment-100x100 size-100x100 wp-post-image\" alt=\"\" \/>                    <\/a>  \r\n                <\/div>\r\n\t            \t        <div class=\"entry-content\">\r\n\t\t\t\t                  \t<h4 class=\"entry-title\">\r\n\t\t\t\t\t  <a href=\"https:\/\/import-diesel.com\/es\/descubriendo-los-motores-cummins\/\">Descubriendo los Motores Cummins: Una Amplia Gama de Soluciones de Potencia<\/a>\r\n                  \t<\/h4>\r\n\t            \r\n\t\t\t\t<ul class=\"entry-meta-list\">\r\n\t\t\t\t\t  <li class=\"entry-date\"><span class=\"screen-reader-text\">Posted on<\/span> <a href=\"https:\/\/import-diesel.com\/es\/descubriendo-los-motores-cummins\/\" rel=\"bookmark\"><time class=\"entry-date published updated\" datetime=\"2023-11-13T20:02:05+00:00\">noviembre 13, 2023<\/time><\/a><\/li>\r\n                <\/ul>\r\n\t        <\/div>\r\n\t\t<\/li>\r\n\t\t\t<li class=\"post\">\r\n\r\n\t                        <div class=\"entry-thumb\">\r\n                    <a href=\"https:\/\/import-diesel.com\/es\/descubre-la-potencia-sin-igual\/\" class=\"entry-image\">\r\n                        <img decoding=\"async\" width=\"100\" height=\"100\" src=\"https:\/\/import-diesel.com\/wp-content\/uploads\/2023\/11\/bloc-3_portada-100x100.png\" class=\"attachment-100x100 size-100x100 wp-post-image\" alt=\"\" \/>                    <\/a>  \r\n                <\/div>\r\n\t            \t        <div class=\"entry-content\">\r\n\t\t\t\t                  \t<h4 class=\"entry-title\">\r\n\t\t\t\t\t  <a href=\"https:\/\/import-diesel.com\/es\/descubre-la-potencia-sin-igual\/\">Descubre la Potencia Sin Igual: Los Modelos Cummins que Dominan el Mercado de Motores<\/a>\r\n                  \t<\/h4>\r\n\t            \r\n\t\t\t\t<ul class=\"entry-meta-list\">\r\n\t\t\t\t\t  <li class=\"entry-date\"><span class=\"screen-reader-text\">Posted on<\/span> <a href=\"https:\/\/import-diesel.com\/es\/descubre-la-potencia-sin-igual\/\" rel=\"bookmark\"><time class=\"entry-date published updated\" datetime=\"2023-11-13T19:52:21+00:00\">noviembre 13, 2023<\/time><\/a><\/li>\r\n                <\/ul>\r\n\t        <\/div>\r\n\t\t<\/li>\r\n\t\t\t<li class=\"post\">\r\n\r\n\t                        <div class=\"entry-thumb\">\r\n                    <a href=\"https:\/\/import-diesel.com\/es\/explorando-la-esencia-de-los-motores-cummins\/\" class=\"entry-image\">\r\n                        <img decoding=\"async\" width=\"100\" height=\"100\" src=\"https:\/\/import-diesel.com\/wp-content\/uploads\/2023\/11\/bloc-2_portada-100x100.png\" class=\"attachment-100x100 size-100x100 wp-post-image\" alt=\"\" \/>                    <\/a>  \r\n                <\/div>\r\n\t            \t        <div class=\"entry-content\">\r\n\t\t\t\t                  \t<h4 class=\"entry-title\">\r\n\t\t\t\t\t  <a href=\"https:\/\/import-diesel.com\/es\/explorando-la-esencia-de-los-motores-cummins\/\">Explorando la Esencia de los Motores Cummins: 5 Claves Esenciales para los Aficionados a los Motores<\/a>\r\n                  \t<\/h4>\r\n\t            \r\n\t\t\t\t<ul class=\"entry-meta-list\">\r\n\t\t\t\t\t  <li class=\"entry-date\"><span class=\"screen-reader-text\">Posted on<\/span> <a href=\"https:\/\/import-diesel.com\/es\/explorando-la-esencia-de-los-motores-cummins\/\" rel=\"bookmark\"><time class=\"entry-date published updated\" datetime=\"2023-11-13T19:39:25+00:00\">noviembre 13, 2023<\/time><\/a><\/li>\r\n                <\/ul>\r\n\t        <\/div>\r\n\t\t<\/li>\r\n\t\t\t<\/ul>\r\n\t<\/div>\r\n<\/aside><aside id=\"archives-1\" class=\"widget widget_archive\"><h2 class=\"widget-title\">Archivo<\/h2>\n\t\t\t<ul>\n\t\t\t\t\t<li><a href='https:\/\/import-diesel.com\/es\/2023\/11\/'>noviembre 2023<\/a><\/li>\n\t\t\t<\/ul>\n\n\t\t\t<\/aside>\t\t\t\t<\/div>\n\t\t\t\t<\/div>\n\t\t\t\t<\/div>\n\t\t<div class=\"elementor-element elementor-element-6b02819 e-con-full e-flex e-con e-child\" data-id=\"6b02819\" data-element_type=\"container\">\n\t\t\t\t<div class=\"elementor-element elementor-element-eac61a1 align-center elementor-widget elementor-widget-tbay-posts-grid\" data-id=\"eac61a1\" data-element_type=\"widget\" data-widget_type=\"tbay-posts-grid.default\">\n\t\t\t\t<div class=\"elementor-widget-container\">\n\t\t\t\t\t\r\n<div class=\"tbay-element tbay-element-posts-grid\">\r\n\r\n    \r\n    <div class=\"posts-grid row grid\" data-xlgdesktop=\"2\" data-desktop=\"2\" data-desktopsmall=\"2\" data-tablet=\"3\" data-landscape=\"2\" data-mobile=\"2\">\r\n\r\n                    <div class=\"item\">\r\n                <article class=\"post item-post post-style-1\">   \r\n                <figure class=\"entry-thumb \">\r\n                <a href=\"https:\/\/import-diesel.com\/es\/descubriendo-los-motores-cummins\/\"  class=\"entry-image\">\r\n                <img loading=\"lazy\" decoding=\"async\" width=\"500\" height=\"333\" src=\"https:\/\/import-diesel.com\/wp-content\/uploads\/2023\/11\/bloc-4_portada-500x333.png\" class=\"attachment-medium size-medium wp-post-image\" alt=\"\" \/>                <\/a> \r\n            <\/figure>\r\n                \r\n    <div class=\"entry-header\">\r\n\r\n\r\n                    <div class=\"entry-category\"><a href=\"https:\/\/import-diesel.com\/es\/category\/noticias\/\" title=\"View all posts in Noticias\">Noticias<\/a><\/div>\r\n        \r\n        \t\t\t\r\n\r\n\t\t            <ul class=\"entry-meta-list\">\r\n            \r\n                                                    <li class=\"entry-author\">\r\n                        <i class=\"tb-icon tb-icon-profile\"><\/i>\r\n                        <span>By <\/span> <a href=\"https:\/\/import-diesel.com\/es\/author\/jorgewin32\/\" title=\"Entradas de Import Diesel\" rel=\"author\">Import Diesel<\/a>                    <\/li>\r\n                \r\n                \r\n                                \r\n                                                            <li class=\"entry-date\"><i class=\"tb-icon tb-icon-clock\"><\/i><span class=\"screen-reader-text\">Posted on<\/span> <a href=\"https:\/\/import-diesel.com\/es\/descubriendo-los-motores-cummins\/\" rel=\"bookmark\"><time class=\"entry-date published updated\" datetime=\"2023-11-13T20:02:05+00:00\">noviembre 13, 2023<\/time><\/a><\/li>\r\n                        \r\n                                \r\n                                \t\t\t\t\t\r\n\t\t\t<\/ul>\r\n            \r\n                    <h3 class=\"entry-title\">\r\n                <a href=\"https:\/\/import-diesel.com\/es\/descubriendo-los-motores-cummins\/\">Descubriendo los Motores Cummins: Una Amplia Gama de Soluciones de Potencia<\/a>\r\n            <\/h3>\r\n        \r\n        \r\n                    <div class=\"entry-description\">\u00bfTe interesa el mundo de los motores Cummins? Este reconocido fabricante ofrece un amplio espectro de motores, adaptados a diversas aplicaciones y segmentos del ...<\/div>\r\n        \r\n        \t\t\t<div class=\"more\">\r\n\t\t\t\t<a href=\"https:\/\/import-diesel.com\/es\/descubriendo-los-motores-cummins\/\" class=\"readmore\" title=\"Read more\">Read more<\/a>\r\n\t\t\t<\/div>\r\n\t\t\r\n            <\/div>\r\n<\/article>\r\n     \r\n            <\/div>\r\n                    <div class=\"item\">\r\n                <article class=\"post item-post post-style-1\">   \r\n                <figure class=\"entry-thumb \">\r\n                <a href=\"https:\/\/import-diesel.com\/es\/descubre-la-potencia-sin-igual\/\"  class=\"entry-image\">\r\n                <img loading=\"lazy\" decoding=\"async\" width=\"500\" height=\"333\" src=\"https:\/\/import-diesel.com\/wp-content\/uploads\/2023\/11\/bloc-3_portada-500x333.png\" class=\"attachment-medium size-medium wp-post-image\" alt=\"\" \/>                <\/a> \r\n            <\/figure>\r\n                \r\n    <div class=\"entry-header\">\r\n\r\n\r\n                    <div class=\"entry-category\"><a href=\"https:\/\/import-diesel.com\/es\/category\/noticias\/\" title=\"View all posts in Noticias\">Noticias<\/a><\/div>\r\n        \r\n        \t\t\t\r\n\r\n\t\t            <ul class=\"entry-meta-list\">\r\n            \r\n                                                    <li class=\"entry-author\">\r\n                        <i class=\"tb-icon tb-icon-profile\"><\/i>\r\n                        <span>By <\/span> <a href=\"https:\/\/import-diesel.com\/es\/author\/jorgewin32\/\" title=\"Entradas de Import Diesel\" rel=\"author\">Import Diesel<\/a>                    <\/li>\r\n                \r\n                \r\n                                \r\n                                                            <li class=\"entry-date\"><i class=\"tb-icon tb-icon-clock\"><\/i><span class=\"screen-reader-text\">Posted on<\/span> <a href=\"https:\/\/import-diesel.com\/es\/descubre-la-potencia-sin-igual\/\" rel=\"bookmark\"><time class=\"entry-date published updated\" datetime=\"2023-11-13T19:52:21+00:00\">noviembre 13, 2023<\/time><\/a><\/li>\r\n                        \r\n                                \r\n                                \t\t\t\t\t\r\n\t\t\t<\/ul>\r\n            \r\n                    <h3 class=\"entry-title\">\r\n                <a href=\"https:\/\/import-diesel.com\/es\/descubre-la-potencia-sin-igual\/\">Descubre la Potencia Sin Igual: Los Modelos Cummins que Dominan el Mercado de Motores<\/a>\r\n            <\/h3>\r\n        \r\n        \r\n                    <div class=\"entry-description\">\u00bfEst\u00e1s en busca de pura potencia y un rendimiento inigualable? Sum\u00e9rgete en el fascinante mundo de los motores Cummins y conoce los modelos m\u00e1s ...<\/div>\r\n        \r\n        \t\t\t<div class=\"more\">\r\n\t\t\t\t<a href=\"https:\/\/import-diesel.com\/es\/descubre-la-potencia-sin-igual\/\" class=\"readmore\" title=\"Read more\">Read more<\/a>\r\n\t\t\t<\/div>\r\n\t\t\r\n            <\/div>\r\n<\/article>\r\n     \r\n            <\/div>\r\n                    <div class=\"item\">\r\n                <article class=\"post item-post post-style-1\">   \r\n                <figure class=\"entry-thumb \">\r\n                <a href=\"https:\/\/import-diesel.com\/es\/explorando-la-esencia-de-los-motores-cummins\/\"  class=\"entry-image\">\r\n                <img loading=\"lazy\" decoding=\"async\" width=\"500\" height=\"333\" src=\"https:\/\/import-diesel.com\/wp-content\/uploads\/2023\/11\/bloc-2_portada-500x333.png\" class=\"attachment-medium size-medium wp-post-image\" alt=\"\" \/>                <\/a> \r\n            <\/figure>\r\n                \r\n    <div class=\"entry-header\">\r\n\r\n\r\n                    <div class=\"entry-category\"><a href=\"https:\/\/import-diesel.com\/es\/category\/noticias\/\" title=\"View all posts in Noticias\">Noticias<\/a><\/div>\r\n        \r\n        \t\t\t\r\n\r\n\t\t            <ul class=\"entry-meta-list\">\r\n            \r\n                                                    <li class=\"entry-author\">\r\n                        <i class=\"tb-icon tb-icon-profile\"><\/i>\r\n                        <span>By <\/span> <a href=\"https:\/\/import-diesel.com\/es\/author\/jorgewin32\/\" title=\"Entradas de Import Diesel\" rel=\"author\">Import Diesel<\/a>                    <\/li>\r\n                \r\n                \r\n                                \r\n                                                            <li class=\"entry-date\"><i class=\"tb-icon tb-icon-clock\"><\/i><span class=\"screen-reader-text\">Posted on<\/span> <a href=\"https:\/\/import-diesel.com\/es\/explorando-la-esencia-de-los-motores-cummins\/\" rel=\"bookmark\"><time class=\"entry-date published updated\" datetime=\"2023-11-13T19:39:25+00:00\">noviembre 13, 2023<\/time><\/a><\/li>\r\n                        \r\n                                \r\n                                \t\t\t\t\t\r\n\t\t\t<\/ul>\r\n            \r\n                    <h3 class=\"entry-title\">\r\n                <a href=\"https:\/\/import-diesel.com\/es\/explorando-la-esencia-de-los-motores-cummins\/\">Explorando la Esencia de los Motores Cummins: 5 Claves Esenciales para los Aficionados a los Motores<\/a>\r\n            <\/h3>\r\n        \r\n        \r\n                    <div class=\"entry-description\">\u00bfEres apasionado del mundo de los motores? Si es as\u00ed, ad\u00e9ntrate en estos 5 datos esenciales sobre los motores Cummins que muestran su legado ...<\/div>\r\n        \r\n        \t\t\t<div class=\"more\">\r\n\t\t\t\t<a href=\"https:\/\/import-diesel.com\/es\/explorando-la-esencia-de-los-motores-cummins\/\" class=\"readmore\" title=\"Read more\">Read more<\/a>\r\n\t\t\t<\/div>\r\n\t\t\r\n            <\/div>\r\n<\/article>\r\n     \r\n            <\/div>\r\n                    <div class=\"item\">\r\n                <article class=\"post item-post post-style-1\">   \r\n                <figure class=\"entry-thumb \">\r\n                <a href=\"https:\/\/import-diesel.com\/es\/los-actuadores-en-motores-isx\/\"  class=\"entry-image\">\r\n                <img loading=\"lazy\" decoding=\"async\" width=\"500\" height=\"333\" src=\"https:\/\/import-diesel.com\/wp-content\/uploads\/2023\/11\/bloc-1_portada-500x333.png\" class=\"attachment-medium size-medium wp-post-image\" alt=\"\" \/>                <\/a> \r\n            <\/figure>\r\n                \r\n    <div class=\"entry-header\">\r\n\r\n\r\n                    <div class=\"entry-category\"><a href=\"https:\/\/import-diesel.com\/es\/category\/noticias\/\" title=\"View all posts in Noticias\">Noticias<\/a><\/div>\r\n        \r\n        \t\t\t\r\n\r\n\t\t            <ul class=\"entry-meta-list\">\r\n            \r\n                                                    <li class=\"entry-author\">\r\n                        <i class=\"tb-icon tb-icon-profile\"><\/i>\r\n                        <span>By <\/span> <a href=\"https:\/\/import-diesel.com\/es\/author\/jorgewin32\/\" title=\"Entradas de Import Diesel\" rel=\"author\">Import Diesel<\/a>                    <\/li>\r\n                \r\n                \r\n                                \r\n                                                            <li class=\"entry-date\"><i class=\"tb-icon tb-icon-clock\"><\/i><span class=\"screen-reader-text\">Posted on<\/span> <a href=\"https:\/\/import-diesel.com\/es\/los-actuadores-en-motores-isx\/\" rel=\"bookmark\"><time class=\"entry-date published updated\" datetime=\"2023-11-13T18:05:56+00:00\">noviembre 13, 2023<\/time><\/a><\/li>\r\n                        \r\n                                \r\n                                \t\t\t\t\t\r\n\t\t\t<\/ul>\r\n            \r\n                    <h3 class=\"entry-title\">\r\n                <a href=\"https:\/\/import-diesel.com\/es\/los-actuadores-en-motores-isx\/\">Los Actuadores en Motores ISX: Controlando el Coraz\u00f3n de la M\u00e1quina<\/a>\r\n            <\/h3>\r\n        \r\n        \r\n                    <div class=\"entry-description\">Los motores ISX de Cummins son una pieza fundamental en el mundo de los veh\u00edculos comerciales y camiones. Su poder y eficiencia son inigualables, ...<\/div>\r\n        \r\n        \t\t\t<div class=\"more\">\r\n\t\t\t\t<a href=\"https:\/\/import-diesel.com\/es\/los-actuadores-en-motores-isx\/\" class=\"readmore\" title=\"Read more\">Read more<\/a>\r\n\t\t\t<\/div>\r\n\t\t\r\n            <\/div>\r\n<\/article>\r\n     \r\n            <\/div>\r\n         \r\n\r\n            <\/div>\r\n<\/div>\t\t\t\t<\/div>\n\t\t\t\t<\/div>\n\t\t\t\t<\/div>\n\t\t\t\t<\/div>\n\t\t\t\t<\/div>\n\t\t","protected":false},"excerpt":{"rendered":"","protected":false},"author":1,"featured_media":0,"parent":0,"menu_order":0,"comment_status":"closed","ping_status":"closed","template":"","meta":{"inline_featured_image":false,"_joinchat":[],"footnotes":""},"class_list":["post-7386","page","type-page","status-publish","hentry"],"yoast_head":"<!-- This site is optimized with the Yoast SEO plugin v26.9 - https:\/\/yoast.com\/product\/yoast-seo-wordpress\/ -->\n<title>Blog - Import Diesel<\/title>\n<meta name=\"robots\" content=\"index, follow, max-snippet:-1, max-image-preview:large, max-video-preview:-1\" \/>\n<link rel=\"canonical\" href=\"https:\/\/import-diesel.com\/blog\/\" \/>\n<meta property=\"og:locale\" content=\"es_ES\" \/>\n<meta property=\"og:type\" content=\"article\" \/>\n<meta property=\"og:title\" content=\"Blog - Import Diesel\" \/>\n<meta property=\"og:url\" content=\"https:\/\/import-diesel.com\/blog\/\" \/>\n<meta property=\"og:site_name\" content=\"Import Diesel\" \/>\n<meta property=\"article:modified_time\" content=\"2023-12-08T00:40:46+00:00\" \/>\n<meta name=\"twitter:card\" content=\"summary_large_image\" \/>\n<meta name=\"twitter:label1\" content=\"Est. reading time\" \/>\n\t<meta name=\"twitter:data1\" content=\"6 minutos\" \/>\n<script type=\"application\/ld+json\" class=\"yoast-schema-graph\">{\"@context\":\"https:\/\/schema.org\",\"@graph\":[{\"@type\":\"WebPage\",\"@id\":\"https:\/\/import-diesel.com\/blog\/\",\"url\":\"https:\/\/import-diesel.com\/blog\/\",\"name\":\"Blog - Import Diesel\",\"isPartOf\":{\"@id\":\"https:\/\/import-diesel.com\/#website\"},\"datePublished\":\"2023-11-10T17:31:50+00:00\",\"dateModified\":\"2023-12-08T00:40:46+00:00\",\"breadcrumb\":{\"@id\":\"https:\/\/import-diesel.com\/blog\/#breadcrumb\"},\"inLanguage\":\"es\",\"potentialAction\":[{\"@type\":\"ReadAction\",\"target\":[\"https:\/\/import-diesel.com\/blog\/\"]}]},{\"@type\":\"BreadcrumbList\",\"@id\":\"https:\/\/import-diesel.com\/blog\/#breadcrumb\",\"itemListElement\":[{\"@type\":\"ListItem\",\"position\":1,\"name\":\"Home\",\"item\":\"https:\/\/import-diesel.com\/\"},{\"@type\":\"ListItem\",\"position\":2,\"name\":\"Blog\"}]},{\"@type\":\"WebSite\",\"@id\":\"https:\/\/import-diesel.com\/#website\",\"url\":\"https:\/\/import-diesel.com\/\",\"name\":\"Import Diesel\",\"description\":\"\",\"potentialAction\":[{\"@type\":\"SearchAction\",\"target\":{\"@type\":\"EntryPoint\",\"urlTemplate\":\"https:\/\/import-diesel.com\/?s={search_term_string}\"},\"query-input\":{\"@type\":\"PropertyValueSpecification\",\"valueRequired\":true,\"valueName\":\"search_term_string\"}}],\"inLanguage\":\"es\"}]}<\/script>\n<!-- \/ Yoast SEO plugin. -->","yoast_head_json":{"title":"Blog - Import Diesel","robots":{"index":"index","follow":"follow","max-snippet":"max-snippet:-1","max-image-preview":"max-image-preview:large","max-video-preview":"max-video-preview:-1"},"canonical":"https:\/\/import-diesel.com\/blog\/","og_locale":"es_ES","og_type":"article","og_title":"Blog - Import Diesel","og_url":"https:\/\/import-diesel.com\/blog\/","og_site_name":"Import Diesel","article_modified_time":"2023-12-08T00:40:46+00:00","twitter_card":"summary_large_image","twitter_misc":{"Est. reading time":"6 minutos"},"schema":{"@context":"https:\/\/schema.org","@graph":[{"@type":"WebPage","@id":"https:\/\/import-diesel.com\/blog\/","url":"https:\/\/import-diesel.com\/blog\/","name":"Blog - Import Diesel","isPartOf":{"@id":"https:\/\/import-diesel.com\/#website"},"datePublished":"2023-11-10T17:31:50+00:00","dateModified":"2023-12-08T00:40:46+00:00","breadcrumb":{"@id":"https:\/\/import-diesel.com\/blog\/#breadcrumb"},"inLanguage":"es","potentialAction":[{"@type":"ReadAction","target":["https:\/\/import-diesel.com\/blog\/"]}]},{"@type":"BreadcrumbList","@id":"https:\/\/import-diesel.com\/blog\/#breadcrumb","itemListElement":[{"@type":"ListItem","position":1,"name":"Home","item":"https:\/\/import-diesel.com\/"},{"@type":"ListItem","position":2,"name":"Blog"}]},{"@type":"WebSite","@id":"https:\/\/import-diesel.com\/#website","url":"https:\/\/import-diesel.com\/","name":"Import Diesel","description":"","potentialAction":[{"@type":"SearchAction","target":{"@type":"EntryPoint","urlTemplate":"https:\/\/import-diesel.com\/?s={search_term_string}"},"query-input":{"@type":"PropertyValueSpecification","valueRequired":true,"valueName":"search_term_string"}}],"inLanguage":"es"}]}},"_links":{"self":[{"href":"https:\/\/import-diesel.com\/es\/wp-json\/wp\/v2\/pages\/7386","targetHints":{"allow":["GET"]}}],"collection":[{"href":"https:\/\/import-diesel.com\/es\/wp-json\/wp\/v2\/pages"}],"about":[{"href":"https:\/\/import-diesel.com\/es\/wp-json\/wp\/v2\/types\/page"}],"author":[{"embeddable":true,"href":"https:\/\/import-diesel.com\/es\/wp-json\/wp\/v2\/users\/1"}],"replies":[{"embeddable":true,"href":"https:\/\/import-diesel.com\/es\/wp-json\/wp\/v2\/comments?post=7386"}],"version-history":[{"count":14,"href":"https:\/\/import-diesel.com\/es\/wp-json\/wp\/v2\/pages\/7386\/revisions"}],"predecessor-version":[{"id":7560,"href":"https:\/\/import-diesel.com\/es\/wp-json\/wp\/v2\/pages\/7386\/revisions\/7560"}],"wp:attachment":[{"href":"https:\/\/import-diesel.com\/es\/wp-json\/wp\/v2\/media?parent=7386"}],"curies":[{"name":"wp","href":"https:\/\/api.w.org\/{rel}","templated":true}]}}